{"id":887,"date":"2021-06-03T04:11:38","date_gmt":"2021-06-03T04:11:38","guid":{"rendered":"http:\/\/musik-pc.net\/?page_id=887"},"modified":"2024-10-06T07:19:00","modified_gmt":"2024-10-06T07:19:00","slug":"impressum","status":"publish","type":"page","link":"https:\/\/musik-pc.net\/?page_id=887","title":{"rendered":"Impressum"},"content":{"rendered":"<div class=\"fusion-fullwidth fullwidth-box fusion-builder-row-1 fusion-flex-container nonhundred-percent-fullwidth non-hundred-percent-height-scrolling\" style=\"--awb-border-radius-top-left:0px;--awb-border-radius-top-right:0px;--awb-border-radius-bottom-right:0px;--awb-border-radius-bottom-left:0px;--awb-flex-wrap:wrap;\" ><div class=\"fusion-builder-row fusion-row fusion-flex-align-items-flex-start fusion-flex-content-wrap\" style=\"max-width:1248px;margin-left: calc(-4% \/ 2 );margin-right: calc(-4% \/ 2 );\"><div class=\"fusion-layout-column fusion_builder_column fusion-builder-column-0 fusion_builder_column_1_1 1_1 fusion-flex-column\" style=\"--awb-bg-size:cover;--awb-width-large:100%;--awb-margin-top-large:0px;--awb-spacing-right-large:1.92%;--awb-margin-bottom-large:0px;--awb-spacing-left-large:1.92%;--awb-width-medium:100%;--awb-spacing-right-medium:1.92%;--awb-spacing-left-medium:1.92%;--awb-width-small:100%;--awb-spacing-right-small:1.92%;--awb-spacing-left-small:1.92%;\"><div class=\"fusion-column-wrapper fusion-flex-justify-content-flex-start fusion-content-layout-column\"><div class=\"fusion-text fusion-text-1\"><div style=\"text-align: center;\">\n<h2 class=\"wp-block-heading\">Impressum<\/h2>\n<div>\u00a0<\/div>\n<div>Informationspflicht laut \u00a75 E-Commerce Gesetz, \u00a714 Unternehmensgesetzbuch, \u00a763 Gewerbeordnung und Offenlegungspflicht laut \u00a725 Mediengesetz.<\/div>\n<\/div>\n<p style=\"text-align: center;\">\u00a0<\/p>\n<\/div><div class=\"fusion-text fusion-text-2\"><div style=\"text-align: center;\">\n<div><div class=\"fusion-separator fusion-full-width-sep\" style=\"align-self: center;margin-left: auto;margin-right: auto;margin-top:2%;margin-bottom:2%;width:100%;\"><div class=\"fusion-separator-border sep-single sep-solid\" style=\"--awb-height:20px;--awb-amount:20px;--awb-sep-color:#2c9500;border-color:#2c9500;border-top-width:1px;\"><\/div><\/div><\/div>\n<\/div>\n<p style=\"text-align: center;\">\u00a0<\/p>\n<\/div><div class=\"fusion-text fusion-text-3\"><div>\n<div>Musik-PC<\/div>\n<div>Eigent\u00fcmer(in): Richard Petrovic<\/p>\n<p>8510 Stainz<\/p><\/div>\n<div>AUSTRIA<\/div>\n<p><\/p>\n<div>eMail: office@musik-pc.net<\/div>\n<div>Telefon: <a href=\"tel:+436644615710\">+43 (0) 664 461571<\/a>0<\/div>\n<div>Internet: <a href=\"https:\/\/musik-pc.net\">www.musik-pc.net<\/a><\/div>\n<p>ATU673 419 22<\/p>\n<div>Verleihungsstaat: \u00d6STERREICH<\/div>\n<div>Berufsbezeichnung: IT Dienstleistungen &amp; Informationstechnik<\/div>\n<p><\/p>\n<div>S\u00e4mtliche Bilder und Texte dieser Website sind urheberrechtlich gesch\u00fctzt!<\/div>\n<p><\/p>\n<div>Konzeption &amp; Umsetzung:<\/div>\n<div>Projektabwicklung: <a href=\"https:\/\/www.pulit.at\">PULIT GmbH<\/a><\/div>\n<div>Technische Umsetzung: <a href=\"https:\/\/www.devconnect.at\">Devconnect &#8211; Optimize your Business<\/a><\/div>\n<p><\/p>\n<div>F\u00fcr Konzeption &amp; Inhalt verantwortlich:<\/div>\n<div>Richard Petrovic<\/div>\n<p><\/p>\n<div>EU-Streitschlichtung:<\/div>\n<div>Angaben zur Online-Streitbeilegung: Verbraucher haben die M\u00f6glichkeit, Beschwerden an die Online-Streitbeilegungsplattform der EU zu richten: http:\/\/ec.europa.eu\/odr. Sie k\u00f6nnen allf\u00e4llige Beschwerde auch an die oben angegebene E-Mail-Adresse richten. Wir m\u00f6chten Sie jedoch darauf hinweisen, dass wir nicht bereit oder verpflichtet sind, an Streitbeilegungsverfahren vor einer Verbraucherschlichtungsstelle teilzunehmen.<\/div>\n<p><\/p>\n<div>Haftungsausschluss:<\/div>\n<div>Trotz sorgf\u00e4ltiger inhaltlicher Kontrolle \u00fcbernehmen wir keine Haftung f\u00fcr die Inhalte externer Links. F\u00fcr den Inhalt der verlinkten Seiten sind ausschlie\u00dflich deren Betreiber verantwortlich. Zur Datenschutzerkl\u00e4rung<\/div>\n<\/div>\n<\/div><\/div><\/div><\/div><\/div>","protected":false},"excerpt":{"rendered":"","protected":false},"author":1,"featured_media":0,"parent":0,"menu_order":0,"comment_status":"closed","ping_status":"open","template":"","meta":{"footnotes":""},"class_list":["post-887","page","type-page","status-publish","hentry"],"_links":{"self":[{"href":"https:\/\/musik-pc.net\/index.php?rest_route=\/wp\/v2\/pages\/887","targetHints":{"allow":["GET"]}}],"collection":[{"href":"https:\/\/musik-pc.net\/index.php?rest_route=\/wp\/v2\/pages"}],"about":[{"href":"https:\/\/musik-pc.net\/index.php?rest_route=\/wp\/v2\/types\/page"}],"author":[{"embeddable":true,"href":"https:\/\/musik-pc.net\/index.php?rest_route=\/wp\/v2\/users\/1"}],"replies":[{"embeddable":true,"href":"https:\/\/musik-pc.net\/index.php?rest_route=%2Fwp%2Fv2%2Fcomments&post=887"}],"version-history":[{"count":4,"href":"https:\/\/musik-pc.net\/index.php?rest_route=\/wp\/v2\/pages\/887\/revisions"}],"predecessor-version":[{"id":947,"href":"https:\/\/musik-pc.net\/index.php?rest_route=\/wp\/v2\/pages\/887\/revisions\/947"}],"wp:attachment":[{"href":"https:\/\/musik-pc.net\/index.php?rest_route=%2Fwp%2Fv2%2Fmedia&parent=887"}],"curies":[{"name":"wp","href":"https:\/\/api.w.org\/{rel}","templated":true}]}}